{"id":131,"date":"2014-09-23T23:17:22","date_gmt":"2014-09-23T23:17:22","guid":{"rendered":"http:\/\/myuniversity.skat.tf\/?page_id=131"},"modified":"2025-04-29T14:53:35","modified_gmt":"2025-04-29T14:53:35","slug":"about-us","status":"publish","type":"page","link":"https:\/\/www.mas-online.edu.ec\/?page_id=131","title":{"rendered":"Nosotros"},"content":{"rendered":"<p>[vc_row centered=\u00bbyes\u00bb][vc_column][vc_empty_space height=\u00bb40px\u00bb][vc_column_text]<\/p>\n<h2 style=\"text-align: center;\">Acerca de nosotros&#8230;<\/h2>\n<p>[\/vc_column_text][vc_empty_space height=\u00bb40px\u00bb][vc_row_inner][vc_column_inner width=\u00bb1\/2&#8243;][vc_single_image image=\u00bb1106&#8243; img_size=\u00bblarge\u00bb][\/vc_column_inner][vc_column_inner width=\u00bb1\/2&#8243;][vc_column_text]<\/p>\n<p align=\"justify\"><span style=\"color: #000000;\">Somos el \u00abInstituto Tecnol\u00f3gico Superior Particular Doctor Misael Acosta Sol\u00eds\u201d.<\/span><br \/>\n<span style=\"color: #000000;\">Con m\u00e1s de 25 a\u00f1os de experiencia, formando profesionales al servicio de la salud<\/span><br \/>\n<span style=\"color: #000000;\">y celebrando la vida en el campo de las Terapias Alternativas, como una soluci\u00f3n a<\/span><br \/>\n<span style=\"color: #000000;\">los requerimientos urgentes del ser humano.<\/span><\/p>\n<p align=\"justify\"><span style=\"color: #000000;\">El trabajo se enfoca en una preparaci\u00f3n integral, a trav\u00e9s de la innovadora<\/span><br \/>\n<span style=\"color: #000000;\">Educaci\u00f3n en L\u00ednea. Esta, es una representaci\u00f3n de evoluci\u00f3n y cambio, de<\/span><br \/>\n<span style=\"color: #000000;\">acuerdo a las exigencias del mundo actual. Es una potente herramienta basada en<\/span><br \/>\n<span style=\"color: #000000;\">las tecnolog\u00edas de la informaci\u00f3n, los sistemas y las comunicaciones (TICs).<\/span><\/p>\n<blockquote><p><strong>\u00abSi quieres llegar al final del camino, empieza por dar el primer paso\u00bb<\/strong>\u00a0 -Mar\u00eda Alba Acosta-<\/p><\/blockquote>\n<p>[\/vc_column_text][\/vc_column_inner][\/vc_row_inner][vc_empty_space height=\u00bb40px\u00bb][vc_row_inner][vc_column_inner width=\u00bb1\/2&#8243;][vc_column_text]<\/p>\n<p align=\"justify\"><span style=\"color: #000000;\">Comprometidos con el cambio, y en la necesidad de ser un aporte para la sociedad,<\/span><br \/>\n<span style=\"color: #000000;\">hemos implementado esta novedosa plataforma para la Educaci\u00f3n en L\u00ednea, con el<\/span><br \/>\n<span style=\"color: #000000;\">prop\u00f3sito de llegar a todos los sectores poblacionales con nuevas herramientas de<\/span><br \/>\n<span style=\"color: #000000;\">educaci\u00f3n y capacitaci\u00f3n, que promuevan la superaci\u00f3n personal y laboral.<\/span><\/p>\n<p align=\"justify\"><span style=\"color: #000000;\">Proporcionamos al estudiantado, la oportunidad de obtener una formaci\u00f3n integral,<\/span><br \/>\n<span style=\"color: #000000;\">que le permita alcanzar su plena realizaci\u00f3n y, bajo la legalizaci\u00f3n y cumplimiento<\/span><br \/>\n<span style=\"color: #000000;\">del acuerdo ministerial Nro. 0037.<\/span><\/p>\n<p align=\"justify\"><span style=\"color: #000000;\">Opta por la certificaci\u00f3n en las diferentes t\u00e9cnicas ocupacionales altamente<\/span><br \/>\n<span style=\"color: #000000;\">calificadas, encaminadas a un excelente desenvolvimiento laboral-human\u00edstico y<\/span><br \/>\n<span style=\"color: #000000;\">desarrollo integral, despu\u00e9s de haber concluido el estudio de los procesos ocupacionales<\/span><br \/>\n<span style=\"color: #000000;\">y como consecuencia de la b\u00fasqueda de herramientas para el crecimiento y desarrollo tanto personal, social y econ\u00f3mico.<\/span><\/p>\n<blockquote><p>\u00abLa medicina natural no es una necesidad de la pobreza, sino una opci\u00f3n de la riqueza\u00bb\u00a0 &#8211; <em>Fidel Castro<\/em> Ruz-<\/p><\/blockquote>\n<p>[\/vc_column_text][\/vc_column_inner][vc_column_inner width=\u00bb1\/2&#8243;][vc_single_image image=\u00bb1107&#8243; img_size=\u00bblarge\u00bb][\/vc_column_inner][\/vc_row_inner][vc_empty_space height=\u00bb40px\u00bb][vc_row_inner][vc_column_inner width=\u00bb1\/2&#8243;][vc_single_image image=\u00bb1108&#8243; img_size=\u00bblarge\u00bb][\/vc_column_inner][vc_column_inner width=\u00bb1\/2&#8243;][vc_column_text]<\/p>\n<p align=\"justify\"><span style=\"color: #000000;\">La certificaci\u00f3n ministerial es un requisito indispensable que te abre las puertas<\/span><br \/>\n<span style=\"color: #000000;\">para el desenvolvimiento laboral de las Terapias Alternativas y Pr\u00e1cticas de<\/span><br \/>\n<span style=\"color: #000000;\">Bienestar de la Salud.<\/span><\/p>\n<p align=\"justify\"><span style=\"color: #000000;\">Para cumplir con este cometido, no solo se dota al estudiantado de los instrumentos<\/span><br \/>\n<span style=\"color: #000000;\">correspondientes al campo t\u00e9cnico, sino, tambi\u00e9n integrales que le involucran<\/span><br \/>\n<span style=\"color: #000000;\">una formaci\u00f3n intelectual, inteligente, mental, f\u00edsica, social y espiritual.<\/span><\/p>\n<blockquote><p>\u00abNuestro trabajo satisface las inquietudes de tu mente y llena las aspiraciones de tu coraz\u00f3n\u00bb<\/p>\n<p>-An\u00f3nimo-<\/p><\/blockquote>\n<p>[\/vc_column_text][\/vc_column_inner][\/vc_row_inner][vc_empty_space height=\u00bb40px\u00bb][vc_row_inner][vc_column_inner width=\u00bb1\/2&#8243;][vc_column_text]<\/p>\n<p align=\"justify\"><span style=\"color: #000000;\">Nuestra convicci\u00f3n de servicio a la comunidad, nos inspira en adaptarnos a las<\/span><br \/>\n<span style=\"color: #000000;\">condiciones de tiempo y aspiraciones de los diferentes sectores sociales para<\/span><br \/>\n<span style=\"color: #000000;\">satisfacer sus necesidades educativas. En este contexto, \u00abEl Instituto Tecnol\u00f3gico<\/span><br \/>\n<span style=\"color: #000000;\">Superior Particular Doctor Misael Acosta Sol\u00eds\u201d, en su \u00e1rea de Educaci\u00f3n Continua,<\/span><br \/>\n<span style=\"color: #000000;\">implementa esta plataforma de Educaci\u00f3n en L\u00ednea, extendiendo, facilitando el<\/span><br \/>\n<span style=\"color: #000000;\">conocimiento, y las caracter\u00edsticas propias de este modelo que son:<\/span><\/p>\n<p align=\"justify\"><span style=\"color: #000000;\">Un alto sentido de responsabilidad.<\/span><br \/>\n<span style=\"color: #000000;\">Tener una actitud abierta positiva frente a los desaf\u00edos.<\/span><br \/>\n<span style=\"color: #000000;\">Dominar las materias b\u00e1sicas del conocimiento cient\u00edfico y tecnol\u00f3gico para<\/span><br \/>\n<span style=\"color: #000000;\">entender, comprender y aprender.<\/span><br \/>\n<span style=\"color: #000000;\">Una profunda sensibilidad para percibir las dificultades que rodean a los seres<\/span><br \/>\n<span style=\"color: #000000;\">humanos y acudir en su ayuda, en caso de ser requerida.<\/span><br \/>\n<span style=\"color: #000000;\">Una gran fortaleza de esp\u00edritu, capaz de trasmitir energ\u00eda y amor por la vida.<\/span><\/p>\n<p>[\/vc_column_text][\/vc_column_inner][vc_column_inner width=\u00bb1\/2&#8243;][vc_single_image image=\u00bb1109&#8243; img_size=\u00bblarge\u00bb][\/vc_column_inner][\/vc_row_inner][vc_empty_space height=\u00bb40px\u00bb][vc_row_inner][vc_column_inner width=\u00bb1\/2&#8243;][vc_single_image image=\u00bb1110&#8243; img_size=\u00bblarge\u00bb][\/vc_column_inner][vc_column_inner width=\u00bb1\/2&#8243;][vc_column_text]<\/p>\n<p align=\"justify\"><span style=\"color: #000000;\">Los cursos de \u00abMAS Educaci\u00f3n Online\u00bb, son la respuesta a la gran demanda de<\/span><br \/>\n<span style=\"color: #000000;\">oportunidades laborales en nuestra sociedad en el campo de las Terapias<\/span><br \/>\n<span style=\"color: #000000;\">Alternativas, con horarios de estudio flexibles, les invitamos a embarcarse en esta<\/span><br \/>\n<span style=\"color: #000000;\">experiencia vanguardista.<\/span><\/p>\n<p align=\"justify\"><span style=\"color: #000000;\">Nos encontramos en www.mas-online.edu.ec estamos encantados de poder<\/span><br \/>\n<span style=\"color: #000000;\">contactarnos contigo para emprender esta atrayente traves\u00eda por los mares de los<\/span><br \/>\n<span style=\"color: #000000;\">conocimientos y los saberes. Hay todo un equipo de trabajo, preparado y<\/span><br \/>\n<span style=\"color: #000000;\">dispuesto a compartir el tiempo de estudio con la mayor capacidad para el<\/span><br \/>\n<span style=\"color: #000000;\">aprendizaje, entendimiento y pr\u00e1ctica.<\/span><\/p>\n<blockquote><p>\u00abLa confianza en s\u00ed mismo, es el primer secreto del \u00e9xito\u00bb\u00a0 -Ralph Waldo Emerson-<\/p><\/blockquote>\n<p>[\/vc_column_text][\/vc_column_inner][\/vc_row_inner][vc_empty_space height=\u00bb40px\u00bb][vc_row_inner][vc_column_inner width=\u00bb1\/2&#8243;][vc_column_text]<\/p>\n<p align=\"justify\"><span style=\"color: #000000;\">Nuestra plataforma, es un espacio de encuentro para impartir, compartir conocimientos<\/span><br \/>\n<span style=\"color: #000000;\">y t\u00e9cnicas sobre diversas terapias alternativas con un enfoque cient\u00edfico-humanista;<\/span><br \/>\n<span style=\"color: #000000;\">la informaci\u00f3n que aqu\u00ed se encuentra tiene la finalidad de formar y<\/span><br \/>\n<span style=\"color: #000000;\">capacitar con una visi\u00f3n hol\u00edstica. Es decir, promoviendo el desarrollo de las<\/span><br \/>\n<span style=\"color: #000000;\">capacidades, aptitudes y destrezas de las personas que ingresan a capacitarse, y<\/span><br \/>\n<span style=\"color: #000000;\">que a su vez, se proyectan al campo laboral.<\/span><\/p>\n<p align=\"justify\"><span style=\"color: #000000;\">El grupo humano formado a trav\u00e9s de nuestra web, tendr\u00e1 la capacidad de orientar<\/span><br \/>\n<span style=\"color: #000000;\">sus conocimientos en el bien propio y en el del pr\u00f3jimo, como resultado de una<\/span><br \/>\n<span style=\"color: #000000;\">propuesta acad\u00e9mica que implica el compromiso integral de su estudiantado. Esto<\/span><br \/>\n<span style=\"color: #000000;\">incluye una ense\u00f1anza basada en principios y valores para transformar su manera<\/span><br \/>\n<span style=\"color: #000000;\">de sentir, de ser y de hacer con ciencia y con consciencia.<\/span><\/p>\n<blockquote><p>\u00abLa mente que se abre a una nueva idea, jam\u00e1s volver\u00e1 a su tama\u00f1o original.\u00bb\u00a0 -Albert Eainsten-<\/p><\/blockquote>\n<p>[\/vc_column_text][\/vc_column_inner][vc_column_inner width=\u00bb1\/2&#8243;][vc_single_image image=\u00bb1111&#8243; img_size=\u00bblarge\u00bb][\/vc_column_inner][\/vc_row_inner][\/vc_column][\/vc_row]<\/p>\n","protected":false},"excerpt":{"rendered":"<p>[vc_row centered=\u00bbyes\u00bb][vc_column][vc_empty_space height=\u00bb40px\u00bb][vc_column_text] Acerca de nosotros&#8230; [\/vc_column_text][vc_empty_space height=\u00bb40px\u00bb][vc_row_inner][vc_column_inner width=\u00bb1\/2&#8243;][vc_single_image image=\u00bb1106&#8243; img_size=\u00bblarge\u00bb][\/vc_column_inner][vc_column_inner width=\u00bb1\/2&#8243;][vc_column_text] Somos el \u00abInstituto Tecnol\u00f3gico Superior Particular Doctor Misael Acosta Sol\u00eds\u201d. Con m\u00e1s de 25 a\u00f1os de experiencia, formando profesionales al servicio de la salud y celebrando la vida en el campo de las Terapias Alternativas, como una soluci\u00f3n&#8230;<\/p>\n<p><a class=\"more-link\" href=\"https:\/\/www.mas-online.edu.ec\/?page_id=131#more-131\">Leer mas&#8230;<\/a><\/p>\n","protected":false},"author":1,"featured_media":0,"parent":0,"menu_order":0,"comment_status":"closed","ping_status":"closed","template":"full-width-page.php","meta":{"_joinchat":[],"footnotes":""},"class_list":["post-131","page","type-page","status-publish","hentry"],"_links":{"self":[{"href":"https:\/\/www.mas-online.edu.ec\/index.php?rest_route=\/wp\/v2\/pages\/131","targetHints":{"allow":["GET"]}}],"collection":[{"href":"https:\/\/www.mas-online.edu.ec\/index.php?rest_route=\/wp\/v2\/pages"}],"about":[{"href":"https:\/\/www.mas-online.edu.ec\/index.php?rest_route=\/wp\/v2\/types\/page"}],"author":[{"embeddable":true,"href":"https:\/\/www.mas-online.edu.ec\/index.php?rest_route=\/wp\/v2\/users\/1"}],"replies":[{"embeddable":true,"href":"https:\/\/www.mas-online.edu.ec\/index.php?rest_route=%2Fwp%2Fv2%2Fcomments&post=131"}],"version-history":[{"count":54,"href":"https:\/\/www.mas-online.edu.ec\/index.php?rest_route=\/wp\/v2\/pages\/131\/revisions"}],"predecessor-version":[{"id":1202,"href":"https:\/\/www.mas-online.edu.ec\/index.php?rest_route=\/wp\/v2\/pages\/131\/revisions\/1202"}],"wp:attachment":[{"href":"https:\/\/www.mas-online.edu.ec\/index.php?rest_route=%2Fwp%2Fv2%2Fmedia&parent=131"}],"curies":[{"name":"wp","href":"https:\/\/api.w.org\/{rel}","templated":true}]}}