{"id":1134,"date":"2023-12-19T20:56:17","date_gmt":"2023-12-19T20:56:17","guid":{"rendered":"https:\/\/www.mas-online.edu.ec\/?post_type=product&#038;p=1134"},"modified":"2023-12-20T14:20:08","modified_gmt":"2023-12-20T14:20:08","slug":"biomagnetismo-estudiantes-y-ex-alumnos","status":"publish","type":"product","link":"https:\/\/www.mas-online.edu.ec\/?product=biomagnetismo-estudiantes-y-ex-alumnos","title":{"rendered":"Biomagnetismo (Estudiantes y Ex Alumnos)"},"content":{"rendered":"<p style=\"text-align: center;\"><strong>\u00a1Participa en la Certificaci\u00f3n en Biomagnetismo!<\/strong><\/p>\n<p><img fetchpriority=\"high\" decoding=\"async\" class=\"alignnone wp-image-1128 size-medium\" src=\"https:\/\/www.mas-online.edu.ec\/wp-content\/uploads\/2023\/12\/Certificaciones_Mesa-de-trabajo-1-300x300.png\" alt=\"\" width=\"300\" height=\"300\" srcset=\"https:\/\/www.mas-online.edu.ec\/wp-content\/uploads\/2023\/12\/Certificaciones_Mesa-de-trabajo-1-300x300.png 300w, https:\/\/www.mas-online.edu.ec\/wp-content\/uploads\/2023\/12\/Certificaciones_Mesa-de-trabajo-1-1024x1024.png 1024w, https:\/\/www.mas-online.edu.ec\/wp-content\/uploads\/2023\/12\/Certificaciones_Mesa-de-trabajo-1-150x150.png 150w, https:\/\/www.mas-online.edu.ec\/wp-content\/uploads\/2023\/12\/Certificaciones_Mesa-de-trabajo-1-768x768.png 768w, https:\/\/www.mas-online.edu.ec\/wp-content\/uploads\/2023\/12\/Certificaciones_Mesa-de-trabajo-1-1536x1536.png 1536w, https:\/\/www.mas-online.edu.ec\/wp-content\/uploads\/2023\/12\/Certificaciones_Mesa-de-trabajo-1-2048x2048.png 2048w, https:\/\/www.mas-online.edu.ec\/wp-content\/uploads\/2023\/12\/Certificaciones_Mesa-de-trabajo-1-189x189.png 189w, https:\/\/www.mas-online.edu.ec\/wp-content\/uploads\/2023\/12\/Certificaciones_Mesa-de-trabajo-1-183x183.png 183w, https:\/\/www.mas-online.edu.ec\/wp-content\/uploads\/2023\/12\/Certificaciones_Mesa-de-trabajo-1-82x82.png 82w, https:\/\/www.mas-online.edu.ec\/wp-content\/uploads\/2023\/12\/Certificaciones_Mesa-de-trabajo-1-260x260.png 260w, https:\/\/www.mas-online.edu.ec\/wp-content\/uploads\/2023\/12\/Certificaciones_Mesa-de-trabajo-1-600x600.png 600w, https:\/\/www.mas-online.edu.ec\/wp-content\/uploads\/2023\/12\/Certificaciones_Mesa-de-trabajo-1-100x100.png 100w\" sizes=\"(max-width: 300px) 100vw, 300px\" \/><\/p>\n","protected":false},"excerpt":{"rendered":"<p><strong>Costo con tarjeta<\/strong><\/p>\n<p>\ud83c\uddea\ud83c\udde8Avalada por el Ministerio de Salud P\u00fablica del Ecuador (MSP) \ud83c\uddea\ud83c\udde8 para registro en el Acess.<\/p>\n<p>\ud83d\udfe2<strong>Duraci\u00f3n:<\/strong> 200 horas acad\u00e9micas<br \/>\n<strong>Inicio de clases:<\/strong> Lunes, 15 de enero 2024.<br \/>\n<strong>Fin de clases:<\/strong> S\u00e1bado, 23 de marzo 2024.<br \/>\n<strong>Docente:<\/strong> Lcda. Catalina Y\u00e1nez<\/p>\n<p>\ud83d\udc69\ud83c\udffb\ud83c\udf93 <strong>Modalidad:<\/strong> Online con clases as\u00edncronas y s\u00edncronas los lunes de 19:00 a 21:30 y contar\u00e1 con 2 talleres durante los meses de estudio, con opci\u00f3n para tomar en nuestras coordinaciones en Riobamba, Cuenca, Guayaquil o Quito<br \/>\n\ud83d\udcf2 \u00a1Reserva tu cupo!: 0988183081 \u2705<\/p>\n<p><a class=\"more-link\" href=\"https:\/\/www.mas-online.edu.ec\/?product=biomagnetismo-estudiantes-y-ex-alumnos#more-1134\">Leer mas&#8230;<\/a><\/p>\n","protected":false},"featured_media":1128,"comment_status":"closed","ping_status":"closed","template":"","meta":[],"product_brand":[],"product_cat":[15],"product_tag":[],"class_list":{"0":"post-1134","1":"product","2":"type-product","3":"status-publish","4":"has-post-thumbnail","6":"product_cat-ocupacionales","8":"first","9":"instock","10":"purchasable","11":"product-type-simple"},"_links":{"self":[{"href":"https:\/\/www.mas-online.edu.ec\/index.php?rest_route=\/wp\/v2\/product\/1134","targetHints":{"allow":["GET"]}}],"collection":[{"href":"https:\/\/www.mas-online.edu.ec\/index.php?rest_route=\/wp\/v2\/product"}],"about":[{"href":"https:\/\/www.mas-online.edu.ec\/index.php?rest_route=\/wp\/v2\/types\/product"}],"replies":[{"embeddable":true,"href":"https:\/\/www.mas-online.edu.ec\/index.php?rest_route=%2Fwp%2Fv2%2Fcomments&post=1134"}],"wp:featuredmedia":[{"embeddable":true,"href":"https:\/\/www.mas-online.edu.ec\/index.php?rest_route=\/wp\/v2\/media\/1128"}],"wp:attachment":[{"href":"https:\/\/www.mas-online.edu.ec\/index.php?rest_route=%2Fwp%2Fv2%2Fmedia&parent=1134"}],"wp:term":[{"taxonomy":"product_brand","embeddable":true,"href":"https:\/\/www.mas-online.edu.ec\/index.php?rest_route=%2Fwp%2Fv2%2Fproduct_brand&post=1134"},{"taxonomy":"product_cat","embeddable":true,"href":"https:\/\/www.mas-online.edu.ec\/index.php?rest_route=%2Fwp%2Fv2%2Fproduct_cat&post=1134"},{"taxonomy":"product_tag","embeddable":true,"href":"https:\/\/www.mas-online.edu.ec\/index.php?rest_route=%2Fwp%2Fv2%2Fproduct_tag&post=1134"}],"curies":[{"name":"wp","href":"https:\/\/api.w.org\/{rel}","templated":true}]}}