{"id":1168,"date":"2023-12-28T18:51:47","date_gmt":"2023-12-28T18:51:47","guid":{"rendered":"https:\/\/www.mas-online.edu.ec\/?post_type=product&#038;p=1168"},"modified":"2024-01-02T13:59:37","modified_gmt":"2024-01-02T13:59:37","slug":"master-class-diseno-de-cejas-estudiantes","status":"publish","type":"product","link":"https:\/\/www.mas-online.edu.ec\/?product=master-class-diseno-de-cejas-estudiantes","title":{"rendered":"Master Class Dise\u00f1o de Mirada (Estudiantes)"},"content":{"rendered":"<p style=\"text-align: center;\"><strong>\u00a1Participa en la Master Class Dise\u00f1o de Mirada!<\/strong><\/p>\n<p><img fetchpriority=\"high\" decoding=\"async\" class=\"alignnone wp-image-1167 size-medium\" src=\"https:\/\/www.mas-online.edu.ec\/wp-content\/uploads\/2023\/12\/Post-Taller-diseno-de-cejas-300x300.png\" alt=\"\" width=\"300\" height=\"300\" srcset=\"https:\/\/www.mas-online.edu.ec\/wp-content\/uploads\/2023\/12\/Post-Taller-diseno-de-cejas-300x300.png 300w, https:\/\/www.mas-online.edu.ec\/wp-content\/uploads\/2023\/12\/Post-Taller-diseno-de-cejas-1024x1024.png 1024w, https:\/\/www.mas-online.edu.ec\/wp-content\/uploads\/2023\/12\/Post-Taller-diseno-de-cejas-150x150.png 150w, https:\/\/www.mas-online.edu.ec\/wp-content\/uploads\/2023\/12\/Post-Taller-diseno-de-cejas-768x768.png 768w, https:\/\/www.mas-online.edu.ec\/wp-content\/uploads\/2023\/12\/Post-Taller-diseno-de-cejas-1536x1536.png 1536w, https:\/\/www.mas-online.edu.ec\/wp-content\/uploads\/2023\/12\/Post-Taller-diseno-de-cejas-2048x2048.png 2048w, https:\/\/www.mas-online.edu.ec\/wp-content\/uploads\/2023\/12\/Post-Taller-diseno-de-cejas-189x189.png 189w, https:\/\/www.mas-online.edu.ec\/wp-content\/uploads\/2023\/12\/Post-Taller-diseno-de-cejas-183x183.png 183w, https:\/\/www.mas-online.edu.ec\/wp-content\/uploads\/2023\/12\/Post-Taller-diseno-de-cejas-82x82.png 82w, https:\/\/www.mas-online.edu.ec\/wp-content\/uploads\/2023\/12\/Post-Taller-diseno-de-cejas-260x260.png 260w, https:\/\/www.mas-online.edu.ec\/wp-content\/uploads\/2023\/12\/Post-Taller-diseno-de-cejas-600x600.png 600w, https:\/\/www.mas-online.edu.ec\/wp-content\/uploads\/2023\/12\/Post-Taller-diseno-de-cejas-100x100.png 100w\" sizes=\"(max-width: 300px) 100vw, 300px\" \/><\/p>\n","protected":false},"excerpt":{"rendered":"<p><strong>Costo con tarjeta<\/strong><br \/>\n\ud83d\udc78Master Class <strong>\u201dDise\u00f1o de mirada\u201d lifting de pesta\u00f1as y laminado de cejas<\/strong><br \/>\nAprende t\u00e9cnicas para realizar un dise\u00f1o de miradas impactantes!<\/p>\n<p>\u25b6\ufe0f <strong>Fecha:<\/strong> Riobamba, s\u00e1bado 20 de enero de 2024, con un duraci\u00f3n de 6 horas desde 09h00-14h00<br \/>\n\u25b6\ufe0f <strong>Lugar:<\/strong> Instalaciones Misael Acosta, Riobamba, calles Loja y Buenos Aires esquina<br \/>\n\u25b6\ufe0f <strong>Instructora:<\/strong> Celeste Miller<br \/>\n\u25b6\ufe0f <strong>Contenido:<\/strong><br \/>\nLifting de pesta\u00f1as, dise\u00f1o de cejas seg\u00fan la morfolog\u00eda, colorimetr\u00eda, t\u00e9cnicas de depilaci\u00f3n y pigmentaci\u00f3n semi permanente.<br \/>\n\u25b6\ufe0f kit para pr\u00e1ctica $8<br \/>\n-para las primeras 5 personas inscritas tendr\u00e1n el kit completamente gratis-<br \/>\n\u25b6\ufe0f Debe traer modelo para la pr\u00e1ctica<\/p>\n<p>\ud83d\udcf2 \u00a1Reserva tu cupo!: 0988183081 \u2705<\/p>\n<p><a class=\"more-link\" href=\"https:\/\/www.mas-online.edu.ec\/?product=master-class-diseno-de-cejas-estudiantes#more-1168\">Leer mas&#8230;<\/a><\/p>\n","protected":false},"featured_media":1167,"comment_status":"closed","ping_status":"closed","template":"","meta":[],"product_brand":[],"product_cat":[15],"product_tag":[],"class_list":{"0":"post-1168","1":"product","2":"type-product","3":"status-publish","4":"has-post-thumbnail","6":"product_cat-ocupacionales","8":"first","9":"instock","10":"purchasable","11":"product-type-simple"},"_links":{"self":[{"href":"https:\/\/www.mas-online.edu.ec\/index.php?rest_route=\/wp\/v2\/product\/1168","targetHints":{"allow":["GET"]}}],"collection":[{"href":"https:\/\/www.mas-online.edu.ec\/index.php?rest_route=\/wp\/v2\/product"}],"about":[{"href":"https:\/\/www.mas-online.edu.ec\/index.php?rest_route=\/wp\/v2\/types\/product"}],"replies":[{"embeddable":true,"href":"https:\/\/www.mas-online.edu.ec\/index.php?rest_route=%2Fwp%2Fv2%2Fcomments&post=1168"}],"wp:featuredmedia":[{"embeddable":true,"href":"https:\/\/www.mas-online.edu.ec\/index.php?rest_route=\/wp\/v2\/media\/1167"}],"wp:attachment":[{"href":"https:\/\/www.mas-online.edu.ec\/index.php?rest_route=%2Fwp%2Fv2%2Fmedia&parent=1168"}],"wp:term":[{"taxonomy":"product_brand","embeddable":true,"href":"https:\/\/www.mas-online.edu.ec\/index.php?rest_route=%2Fwp%2Fv2%2Fproduct_brand&post=1168"},{"taxonomy":"product_cat","embeddable":true,"href":"https:\/\/www.mas-online.edu.ec\/index.php?rest_route=%2Fwp%2Fv2%2Fproduct_cat&post=1168"},{"taxonomy":"product_tag","embeddable":true,"href":"https:\/\/www.mas-online.edu.ec\/index.php?rest_route=%2Fwp%2Fv2%2Fproduct_tag&post=1168"}],"curies":[{"name":"wp","href":"https:\/\/api.w.org\/{rel}","templated":true}]}}