{"id":1175,"date":"2024-01-03T16:14:55","date_gmt":"2024-01-03T16:14:55","guid":{"rendered":"https:\/\/www.mas-online.edu.ec\/?post_type=product&#038;p=1175"},"modified":"2024-01-03T20:06:20","modified_gmt":"2024-01-03T20:06:20","slug":"taller-de-inyectologia-estudiantes","status":"publish","type":"product","link":"https:\/\/www.mas-online.edu.ec\/?product=taller-de-inyectologia-estudiantes","title":{"rendered":"Taller de Inyectolog\u00eda (Estudiantes)"},"content":{"rendered":"<p style=\"text-align: center;\"><strong>\u00a1Participa en el Taller de Inyectolog\u00eda!<\/strong><\/p>\n<p><img fetchpriority=\"high\" decoding=\"async\" class=\"alignnone wp-image-1174 size-medium\" src=\"https:\/\/www.mas-online.edu.ec\/wp-content\/uploads\/2024\/01\/Arte-cursos-enero-300x300.png\" alt=\"\" width=\"300\" height=\"300\" srcset=\"https:\/\/www.mas-online.edu.ec\/wp-content\/uploads\/2024\/01\/Arte-cursos-enero-300x300.png 300w, https:\/\/www.mas-online.edu.ec\/wp-content\/uploads\/2024\/01\/Arte-cursos-enero-1024x1024.png 1024w, https:\/\/www.mas-online.edu.ec\/wp-content\/uploads\/2024\/01\/Arte-cursos-enero-150x150.png 150w, https:\/\/www.mas-online.edu.ec\/wp-content\/uploads\/2024\/01\/Arte-cursos-enero-768x768.png 768w, https:\/\/www.mas-online.edu.ec\/wp-content\/uploads\/2024\/01\/Arte-cursos-enero-1536x1536.png 1536w, https:\/\/www.mas-online.edu.ec\/wp-content\/uploads\/2024\/01\/Arte-cursos-enero-2048x2048.png 2048w, https:\/\/www.mas-online.edu.ec\/wp-content\/uploads\/2024\/01\/Arte-cursos-enero-189x189.png 189w, https:\/\/www.mas-online.edu.ec\/wp-content\/uploads\/2024\/01\/Arte-cursos-enero-183x183.png 183w, https:\/\/www.mas-online.edu.ec\/wp-content\/uploads\/2024\/01\/Arte-cursos-enero-82x82.png 82w, https:\/\/www.mas-online.edu.ec\/wp-content\/uploads\/2024\/01\/Arte-cursos-enero-260x260.png 260w, https:\/\/www.mas-online.edu.ec\/wp-content\/uploads\/2024\/01\/Arte-cursos-enero-600x600.png 600w, https:\/\/www.mas-online.edu.ec\/wp-content\/uploads\/2024\/01\/Arte-cursos-enero-100x100.png 100w\" sizes=\"(max-width: 300px) 100vw, 300px\" \/><\/p>\n","protected":false},"excerpt":{"rendered":"<p><strong>Costo con tarjeta<\/strong><\/p>\n<p><strong>TALLER DE INYECTOLOG\u00cdA<\/strong> Aprende t\u00e9cnicas y procedimientos para la administraci\u00f3n de medicamentos.\ud83d\udc89<br \/>\n\ud83d\uddd3\ufe0f <strong>Fecha:<\/strong><br \/>\n&#8211; <strong>Riobamba,<\/strong> Instituto Misael Acosta, calles Loja y Buenos Aires esquina, sector Bellavista.<br \/>\nS\u00e1bado 27 de enero de 8:30am hasta las 16:30pm<br \/>\nDomingo 28 de enero de 8:30am hasta las 12:30pm<\/p>\n<p>&#8211; <strong>Quito<\/strong>, Coordinaci\u00f3n Istmas, Av. Amazonas y General Ram\u00edrez D\u00e1valos, Edificio Turismundial, 1er piso.<br \/>\nS\u00e1bado 3 de febrero de 8:30am hasta las 16:30pm<br \/>\nDomingo 4 de febrero de 8:30am hasta las 12:30pm<\/p>\n<p>\ud83d\udc68\ud83c\udffb\u200d\u2695\ufe0f <strong>Docente:<\/strong> Lcdo. Derbis Rodr\u00edguez \u2013 amplia trayectoria en el campo de la enfermer\u00eda y Naturopat\u00eda<\/p>\n<p>\ud83d\udcb0 <strong>Costo:<\/strong> Incluye Kit pr\u00e1ctico y Certificado<\/p>\n<p>\ud83d\udcda <strong>Contenido de estudio:<\/strong><br \/>\n&#8211; T\u00e9cnicas de administraci\u00f3n de medicamentos por v\u00eda parenteral (v\u00eda intramuscular, v\u00eda intrad\u00e9rmica, subcut\u00e1nea y v\u00eda intravenosa)<\/p>\n<p>\ud83c\udf43MAS Capacitaciones \ud83c\udf43Formando profesionales que aman la vida<br \/>\n\u2728Cupos Limitados\u2728<\/p>\n<p>\ud83d\udcf2 \u00a1Reserva tu cupo!: 0988183081 \u2705<\/p>\n<p><a class=\"more-link\" href=\"https:\/\/www.mas-online.edu.ec\/?product=taller-de-inyectologia-estudiantes#more-1175\">Leer mas&#8230;<\/a><\/p>\n","protected":false},"featured_media":1174,"comment_status":"closed","ping_status":"closed","template":"","meta":[],"product_brand":[],"product_cat":[15],"product_tag":[],"class_list":{"0":"post-1175","1":"product","2":"type-product","3":"status-publish","4":"has-post-thumbnail","6":"product_cat-ocupacionales","8":"first","9":"instock","10":"purchasable","11":"product-type-simple"},"_links":{"self":[{"href":"https:\/\/www.mas-online.edu.ec\/index.php?rest_route=\/wp\/v2\/product\/1175","targetHints":{"allow":["GET"]}}],"collection":[{"href":"https:\/\/www.mas-online.edu.ec\/index.php?rest_route=\/wp\/v2\/product"}],"about":[{"href":"https:\/\/www.mas-online.edu.ec\/index.php?rest_route=\/wp\/v2\/types\/product"}],"replies":[{"embeddable":true,"href":"https:\/\/www.mas-online.edu.ec\/index.php?rest_route=%2Fwp%2Fv2%2Fcomments&post=1175"}],"wp:featuredmedia":[{"embeddable":true,"href":"https:\/\/www.mas-online.edu.ec\/index.php?rest_route=\/wp\/v2\/media\/1174"}],"wp:attachment":[{"href":"https:\/\/www.mas-online.edu.ec\/index.php?rest_route=%2Fwp%2Fv2%2Fmedia&parent=1175"}],"wp:term":[{"taxonomy":"product_brand","embeddable":true,"href":"https:\/\/www.mas-online.edu.ec\/index.php?rest_route=%2Fwp%2Fv2%2Fproduct_brand&post=1175"},{"taxonomy":"product_cat","embeddable":true,"href":"https:\/\/www.mas-online.edu.ec\/index.php?rest_route=%2Fwp%2Fv2%2Fproduct_cat&post=1175"},{"taxonomy":"product_tag","embeddable":true,"href":"https:\/\/www.mas-online.edu.ec\/index.php?rest_route=%2Fwp%2Fv2%2Fproduct_tag&post=1175"}],"curies":[{"name":"wp","href":"https:\/\/api.w.org\/{rel}","templated":true}]}}