{"id":1197,"date":"2024-12-27T21:54:41","date_gmt":"2024-12-27T21:54:41","guid":{"rendered":"https:\/\/www.mas-online.edu.ec\/?post_type=product&#038;p=1197"},"modified":"2024-12-27T21:55:43","modified_gmt":"2024-12-27T21:55:43","slug":"reflexologia","status":"publish","type":"product","link":"https:\/\/www.mas-online.edu.ec\/?product=reflexologia","title":{"rendered":"Reflexolog\u00eda"},"content":{"rendered":"<p style=\"text-align: center;\"><strong>\u00a1Participa en la Certificaci\u00f3n en Reflexolog\u00eda!<\/strong><\/p>\n<p><img fetchpriority=\"high\" decoding=\"async\" class=\"alignnone wp-image-1188 size-medium\" src=\"https:\/\/www.mas-online.edu.ec\/wp-content\/uploads\/2024\/12\/reflexologia-300x300.png\" alt=\"\" width=\"300\" height=\"300\" srcset=\"https:\/\/www.mas-online.edu.ec\/wp-content\/uploads\/2024\/12\/reflexologia-300x300.png 300w, https:\/\/www.mas-online.edu.ec\/wp-content\/uploads\/2024\/12\/reflexologia-1024x1024.png 1024w, https:\/\/www.mas-online.edu.ec\/wp-content\/uploads\/2024\/12\/reflexologia-150x150.png 150w, https:\/\/www.mas-online.edu.ec\/wp-content\/uploads\/2024\/12\/reflexologia-768x768.png 768w, https:\/\/www.mas-online.edu.ec\/wp-content\/uploads\/2024\/12\/reflexologia-1536x1536.png 1536w, https:\/\/www.mas-online.edu.ec\/wp-content\/uploads\/2024\/12\/reflexologia-2048x2048.png 2048w, https:\/\/www.mas-online.edu.ec\/wp-content\/uploads\/2024\/12\/reflexologia-189x189.png 189w, https:\/\/www.mas-online.edu.ec\/wp-content\/uploads\/2024\/12\/reflexologia-183x183.png 183w, https:\/\/www.mas-online.edu.ec\/wp-content\/uploads\/2024\/12\/reflexologia-82x82.png 82w, https:\/\/www.mas-online.edu.ec\/wp-content\/uploads\/2024\/12\/reflexologia-260x260.png 260w, https:\/\/www.mas-online.edu.ec\/wp-content\/uploads\/2024\/12\/reflexologia-600x600.png 600w, https:\/\/www.mas-online.edu.ec\/wp-content\/uploads\/2024\/12\/reflexologia-100x100.png 100w\" sizes=\"(max-width: 300px) 100vw, 300px\" \/><\/p>\n","protected":false},"excerpt":{"rendered":"<p>\ud83d\udcdc Avalado por el Ministerio de Salud P\u00fablica y Colegio de Natur\u00f3patas del Ecuador<\/p>\n<p>\u23f3 Duraci\u00f3n de 200 horas acad\u00e9micas\u2013 3 meses de estudio<\/p>\n<p>\ud83d\udc68\u200d\ud83c\udfeb Docente: Tglo. Jorge Tocto<\/p>\n<p>\ud83d\udcda Modalidad ON LINE, clase en vivo una vez por semana en horario nocturno (todos los martes de 7pm a 9pm &#8211; si es que no puede participar de la clase, quedar\u00e1 grabada) acompa\u00f1ado de 1 encuentro presencial para profundizar y reforzar la pr\u00e1ctica en la sede principal Riobamba, (previa coordinaci\u00f3n)<\/p>\n<p>\ud83d\udcda Temario:<br \/>\n&#8211; Historia, aplicaci\u00f3n, t\u00e9cnicas, ejercicios de calentamiento<br \/>\n&#8211; La reflexolog\u00eda como tratamiento para diferentes enfermedades<br \/>\n&#8211; Reflexolog\u00eda de pies y manos<\/p>\n<p>\ud83d\uddd3\ufe0f Cronograma:<br \/>\n\u2728Inicio de Clases: Martes 21 de enero 2025<br \/>\n\u2728Taller presencial de pr\u00e1ctica: S\u00e1bado 29 de marzo 2025 (fecha sujeta a cambio coordinado con el docente)<br \/>\n\u2728Ceremonia de graduaci\u00f3n: S\u00e1bado 26 de abril 2025<\/p>\n<p>\ud83d\udcb0Inversi\u00f3n:<br \/>\n\u27a1\ufe0fP\u00fablico en general: $270<br \/>\n\u27a1\ufe0fEstudiantes y ex estudiantes ISTMAS: $240<br \/>\n\u27a1\ufe0fSocios Colegio de Natur\u00f3patas: $210<br \/>\n\ud83d\udd3aRealizar\u00e1 una inscripci\u00f3n de $30 y el saldo lo pagar\u00e1 en 3 cuotas mensuales durante el tiempo de estudio (enero, febrero y marzo)<\/p>\n<p>\ud83d\udcf2 \u00a1Reserva tu cupo!: 0988183081 \u2705<\/p>\n<p><a class=\"more-link\" href=\"https:\/\/www.mas-online.edu.ec\/?product=reflexologia#more-1197\">Leer mas&#8230;<\/a><\/p>\n","protected":false},"featured_media":1188,"comment_status":"closed","ping_status":"closed","template":"","meta":[],"product_brand":[],"product_cat":[15],"product_tag":[],"class_list":{"0":"post-1197","1":"product","2":"type-product","3":"status-publish","4":"has-post-thumbnail","6":"product_cat-ocupacionales","8":"first","9":"instock","10":"taxable","11":"shipping-taxable","12":"purchasable","13":"product-type-simple"},"_links":{"self":[{"href":"https:\/\/www.mas-online.edu.ec\/index.php?rest_route=\/wp\/v2\/product\/1197","targetHints":{"allow":["GET"]}}],"collection":[{"href":"https:\/\/www.mas-online.edu.ec\/index.php?rest_route=\/wp\/v2\/product"}],"about":[{"href":"https:\/\/www.mas-online.edu.ec\/index.php?rest_route=\/wp\/v2\/types\/product"}],"replies":[{"embeddable":true,"href":"https:\/\/www.mas-online.edu.ec\/index.php?rest_route=%2Fwp%2Fv2%2Fcomments&post=1197"}],"wp:featuredmedia":[{"embeddable":true,"href":"https:\/\/www.mas-online.edu.ec\/index.php?rest_route=\/wp\/v2\/media\/1188"}],"wp:attachment":[{"href":"https:\/\/www.mas-online.edu.ec\/index.php?rest_route=%2Fwp%2Fv2%2Fmedia&parent=1197"}],"wp:term":[{"taxonomy":"product_brand","embeddable":true,"href":"https:\/\/www.mas-online.edu.ec\/index.php?rest_route=%2Fwp%2Fv2%2Fproduct_brand&post=1197"},{"taxonomy":"product_cat","embeddable":true,"href":"https:\/\/www.mas-online.edu.ec\/index.php?rest_route=%2Fwp%2Fv2%2Fproduct_cat&post=1197"},{"taxonomy":"product_tag","embeddable":true,"href":"https:\/\/www.mas-online.edu.ec\/index.php?rest_route=%2Fwp%2Fv2%2Fproduct_tag&post=1197"}],"curies":[{"name":"wp","href":"https:\/\/api.w.org\/{rel}","templated":true}]}}